{"id":15111,"date":"2018-07-24T14:56:43","date_gmt":"2018-07-24T13:56:43","guid":{"rendered":"http:\/\/www.venne.nl\/?page_id=15111"},"modified":"2019-11-13T11:44:22","modified_gmt":"2019-11-13T10:44:22","slug":"xxter-box","status":"publish","type":"page","link":"https:\/\/www.venne.nl\/nl\/xxter-box\/","title":{"rendered":"XXTER BOX"},"content":{"rendered":"<h2>APPLICATIE:<\/h2>\n<p>De XXTER KNX gateway moet beschikken over ruim voldoende geheugen en hoge prestaties. De vraag was daarom:<\/p>\n<ol>\n<li class=\"p2\">Ontwikkel een nieuwe gateway met ruim voldoende RAM en eMMC flash geheugen. Daarnaast moet de performance ruim voldoende zijn voor de toegepaste applicatie(s).<\/li>\n<li class=\"p2\">Kostprijs van deze module heeft een maximale target.<\/li>\n<li class=\"p2\">PCB passend in door XXTER aangeleverd ontwerp voor de behuizing.<\/li>\n<\/ol>\n<p><img loading=\"lazy\" decoding=\"async\" class=\"alignnone wp-image-15127 size-medium\" src=\"http:\/\/www.venne.nl\/assets\/xxter-behuizing2-300x297.png\" alt=\"xxter behuizing\" width=\"300\" height=\"297\" srcset=\"https:\/\/www.venne.nl\/assets\/xxter-behuizing2-300x297.png 300w, https:\/\/www.venne.nl\/assets\/xxter-behuizing2-150x150.png 150w, https:\/\/www.venne.nl\/assets\/xxter-behuizing2-50x50.png 50w, https:\/\/www.venne.nl\/assets\/xxter-behuizing2-275x272.png 275w, https:\/\/www.venne.nl\/assets\/xxter-behuizing2.png 413w\" sizes=\"(max-width: 300px) 100vw, 300px\" \/> <img loading=\"lazy\" decoding=\"async\" class=\"alignleft size-medium wp-image-15124\" src=\"http:\/\/www.venne.nl\/assets\/xxter-PCB-300x254.png\" alt=\"xxter PCB\" width=\"300\" height=\"254\" srcset=\"https:\/\/www.venne.nl\/assets\/xxter-PCB-300x254.png 300w, https:\/\/www.venne.nl\/assets\/xxter-PCB-275x233.png 275w, https:\/\/www.venne.nl\/assets\/xxter-PCB.png 585w\" sizes=\"(max-width: 300px) 100vw, 300px\" \/><\/p>\n<h2>KLANTVRAAG:<\/h2>\n<p>XXTER voegt bovenop de domotica-installatie van bijvoorbeeld KNX of ENOcean een groot extra mogelijkheden\u00a0toe, die u in staat stellen om de belofte van domotica echt waar te maken.<\/p>\n<p>Het XXTER basisstation is te allen tijden verbonden met de domotica-installatie en het internet. XXTER kan hierdoor niet alleen de volledige elektrische installatie aansturen, maar ook netwerkcomponenten bedienen zoals camera\u2019s,\u00a0intercomsystemen, geluidsinstallaties en RGB led verlichting. Daarnaast levert xxter een volledige visualisatie\u00a0via de eigen app op iPad, iPhone en Android toestellen, zowel thuis als onderweg. De XXTER unit heeft tal van\u00a0ingebouwde functies waarmee de gebruiker alle componenten in woning of kantoor kan aansturen als \u00e9\u00e9n ge\u00efntegreerd systeem.<\/p>\n<p><img loading=\"lazy\" decoding=\"async\" class=\"size-large wp-image-15144 alignnone\" src=\"http:\/\/www.venne.nl\/assets\/xxter-mindmap-1-1024x845.png\" alt=\"xxter-mindmap\" width=\"940\" height=\"776\" srcset=\"https:\/\/www.venne.nl\/assets\/xxter-mindmap-1-1024x845.png 1024w, https:\/\/www.venne.nl\/assets\/xxter-mindmap-1-300x248.png 300w, https:\/\/www.venne.nl\/assets\/xxter-mindmap-1-768x634.png 768w, https:\/\/www.venne.nl\/assets\/xxter-mindmap-1-275x227.png 275w, https:\/\/www.venne.nl\/assets\/xxter-mindmap-1.png 1200w\" sizes=\"(max-width: 940px) 100vw, 940px\" \/><\/p>\n<p>&nbsp;<\/p>\n<h2>ONTWIKKELING:<\/h2>\n<p>Het ontwikkelen van de XXTER gateway omhelsde de volgende stappen:<\/p>\n<ul>\n<li class=\"p4\">Opstellen van specificaties, waarbij de klant zorgde voor de software applicatie en Venne Electronics voor de elektrotechnische en board support package (BSP) kennis.<\/li>\n<li class=\"p4\">Schema en PCB ontwerp. De PCB bestaat uit een 6-laags layout waarin tijdkritische routings (bv. DDR) in verwerkt zitten.<\/li>\n<li class=\"p4\">BSP ondersteuning bieden zodat de Linux Kernel probleemloos met de diverse hardware componenten functioneert.<\/li>\n<li class=\"p4\">Proto assemblage, samenbouw en CE<\/li>\n<\/ul>\n<p><img loading=\"lazy\" decoding=\"async\" class=\"alignnone size-large wp-image-15134\" src=\"http:\/\/www.venne.nl\/assets\/XXTER-1024x555.png\" alt=\"XXTER\" width=\"940\" height=\"509\" srcset=\"https:\/\/www.venne.nl\/assets\/XXTER-1024x555.png 1024w, https:\/\/www.venne.nl\/assets\/XXTER-300x163.png 300w, https:\/\/www.venne.nl\/assets\/XXTER-768x416.png 768w, https:\/\/www.venne.nl\/assets\/XXTER-275x149.png 275w\" sizes=\"(max-width: 940px) 100vw, 940px\" \/><\/p>\n<p>Meer weten over XXTER? Bekijk <a href=\"https:\/\/www.xxter.com\/\" target=\"_blank\" rel=\"noopener\">hier<\/a> hun website<\/p>\n","protected":false},"excerpt":{"rendered":"<p>APPLICATIE: De XXTER KNX gateway moet beschikken over ruim voldoende geheugen en hoge prestaties. De vraag was daarom: Ontwikkel een nieuwe gateway met ruim voldoende RAM en eMMC flash geheugen. Daarnaast moet de performance ruim voldoende zijn voor de toegepaste &hellip; <a href=\"https:\/\/www.venne.nl\/nl\/xxter-box\/\">Lees verder<\/a><\/p>\n","protected":false},"author":1,"featured_media":15118,"parent":0,"menu_order":0,"comment_status":"closed","ping_status":"closed","template":"page-case.php","meta":{"footnotes":""},"acf":[],"_links":{"self":[{"href":"https:\/\/www.venne.nl\/nl\/wp-json\/wp\/v2\/pages\/15111"}],"collection":[{"href":"https:\/\/www.venne.nl\/nl\/wp-json\/wp\/v2\/pages"}],"about":[{"href":"https:\/\/www.venne.nl\/nl\/wp-json\/wp\/v2\/types\/page"}],"author":[{"embeddable":true,"href":"https:\/\/www.venne.nl\/nl\/wp-json\/wp\/v2\/users\/1"}],"replies":[{"embeddable":true,"href":"https:\/\/www.venne.nl\/nl\/wp-json\/wp\/v2\/comments?post=15111"}],"version-history":[{"count":20,"href":"https:\/\/www.venne.nl\/nl\/wp-json\/wp\/v2\/pages\/15111\/revisions"}],"predecessor-version":[{"id":15214,"href":"https:\/\/www.venne.nl\/nl\/wp-json\/wp\/v2\/pages\/15111\/revisions\/15214"}],"wp:featuredmedia":[{"embeddable":true,"href":"https:\/\/www.venne.nl\/nl\/wp-json\/wp\/v2\/media\/15118"}],"wp:attachment":[{"href":"https:\/\/www.venne.nl\/nl\/wp-json\/wp\/v2\/media?parent=15111"}],"curies":[{"name":"wp","href":"https:\/\/api.w.org\/{rel}","templated":true}]}}