{"id":598,"date":"2013-03-13T13:57:02","date_gmt":"2013-03-13T12:57:02","guid":{"rendered":"http:\/\/www.venne.nl\/de\/home\/produktion\/prod-sub-2\/"},"modified":"2016-09-29T08:59:46","modified_gmt":"2016-09-29T07:59:46","slug":"prozessmanagement","status":"publish","type":"page","link":"https:\/\/www.venne.nl\/de\/home\/produktion\/prozessmanagement\/","title":{"rendered":"Prozessmanagement"},"content":{"rendered":"<p>Ausgehend von Ihren W\u00fcnschen planen wir Ihre Produktion und gew\u00e4hrleisten, dass Sie innerhalb der vereinbarten Lieferzeiten \u00fcber die richtigen Mengen verf\u00fcgen.<\/p>\n<p>Wir \u00fcbernehmen gerne f\u00fcr Sie die gesamte Produktion und verwalten auf Wunsch Ihren Vorrat. In naher Zukunft k\u00f6nnen Sie dies bei uns selbst erledigen: Als unser Kunde k\u00f6nnen Sie dann aus der Ferne Ihre eigene Produktion \u00fcberwachen und gegebenenfalls \u00e4ndern lassen.<\/p>\n","protected":false},"excerpt":{"rendered":"<p>Ausgehend von Ihren W\u00fcnschen planen wir Ihre Produktion und gew\u00e4hrleisten, dass Sie innerhalb der vereinbarten Lieferzeiten \u00fcber die richtigen Mengen verf\u00fcgen. Wir \u00fcbernehmen gerne f\u00fcr Sie die gesamte Produktion und verwalten auf Wunsch Ihren Vorrat. In naher Zukunft k\u00f6nnen Sie &hellip; <a href=\"https:\/\/www.venne.nl\/de\/home\/produktion\/prozessmanagement\/\">Weiterlesen<\/a><\/p>\n","protected":false},"author":1,"featured_media":0,"parent":584,"menu_order":0,"comment_status":"open","ping_status":"open","template":"","meta":{"footnotes":""},"acf":[],"_links":{"self":[{"href":"https:\/\/www.venne.nl\/de\/wp-json\/wp\/v2\/pages\/598"}],"collection":[{"href":"https:\/\/www.venne.nl\/de\/wp-json\/wp\/v2\/pages"}],"about":[{"href":"https:\/\/www.venne.nl\/de\/wp-json\/wp\/v2\/types\/page"}],"author":[{"embeddable":true,"href":"https:\/\/www.venne.nl\/de\/wp-json\/wp\/v2\/users\/1"}],"replies":[{"embeddable":true,"href":"https:\/\/www.venne.nl\/de\/wp-json\/wp\/v2\/comments?post=598"}],"version-history":[{"count":1,"href":"https:\/\/www.venne.nl\/de\/wp-json\/wp\/v2\/pages\/598\/revisions"}],"predecessor-version":[{"id":601,"href":"https:\/\/www.venne.nl\/de\/wp-json\/wp\/v2\/pages\/598\/revisions\/601"}],"up":[{"embeddable":true,"href":"https:\/\/www.venne.nl\/de\/wp-json\/wp\/v2\/pages\/584"}],"wp:attachment":[{"href":"https:\/\/www.venne.nl\/de\/wp-json\/wp\/v2\/media?parent=598"}],"curies":[{"name":"wp","href":"https:\/\/api.w.org\/{rel}","templated":true}]}}