{"id":591,"date":"2013-03-13T13:56:49","date_gmt":"2013-03-13T12:56:49","guid":{"rendered":"http:\/\/www.venne.nl\/de\/home\/produktion\/forecastin\/"},"modified":"2016-09-29T08:58:15","modified_gmt":"2016-09-29T07:58:15","slug":"planung","status":"publish","type":"page","link":"https:\/\/www.venne.nl\/de\/home\/produktion\/planung\/","title":{"rendered":"Planung"},"content":{"rendered":"<p>Wir besprechen die Produktion eingehend mit Ihnen, was die Aspekte Ma\u00dfstabsgr\u00f6\u00dfe, Produktionsumfang, Logistik und eventuell Lagerung anbelangt. Gemeinsam suchen wir nach der angemessenen Flexibilit\u00e4t, sodass die Prozesse f\u00fcr alle Beteiligten effizient verlaufen. Wir setzen uns zu Ihrem Vorteil ein.<\/p>\n","protected":false},"excerpt":{"rendered":"<p>Wir besprechen die Produktion eingehend mit Ihnen, was die Aspekte Ma\u00dfstabsgr\u00f6\u00dfe, Produktionsumfang, Logistik und eventuell Lagerung anbelangt. Gemeinsam suchen wir nach der angemessenen Flexibilit\u00e4t, sodass die Prozesse f\u00fcr alle Beteiligten effizient verlaufen. Wir setzen uns zu Ihrem Vorteil ein.<\/p>\n","protected":false},"author":1,"featured_media":0,"parent":584,"menu_order":0,"comment_status":"open","ping_status":"open","template":"","meta":{"footnotes":""},"acf":[],"_links":{"self":[{"href":"https:\/\/www.venne.nl\/de\/wp-json\/wp\/v2\/pages\/591"}],"collection":[{"href":"https:\/\/www.venne.nl\/de\/wp-json\/wp\/v2\/pages"}],"about":[{"href":"https:\/\/www.venne.nl\/de\/wp-json\/wp\/v2\/types\/page"}],"author":[{"embeddable":true,"href":"https:\/\/www.venne.nl\/de\/wp-json\/wp\/v2\/users\/1"}],"replies":[{"embeddable":true,"href":"https:\/\/www.venne.nl\/de\/wp-json\/wp\/v2\/comments?post=591"}],"version-history":[{"count":1,"href":"https:\/\/www.venne.nl\/de\/wp-json\/wp\/v2\/pages\/591\/revisions"}],"predecessor-version":[{"id":594,"href":"https:\/\/www.venne.nl\/de\/wp-json\/wp\/v2\/pages\/591\/revisions\/594"}],"up":[{"embeddable":true,"href":"https:\/\/www.venne.nl\/de\/wp-json\/wp\/v2\/pages\/584"}],"wp:attachment":[{"href":"https:\/\/www.venne.nl\/de\/wp-json\/wp\/v2\/media?parent=591"}],"curies":[{"name":"wp","href":"https:\/\/api.w.org\/{rel}","templated":true}]}}