{"id":584,"date":"2013-03-12T12:32:39","date_gmt":"2013-03-12T11:32:39","guid":{"rendered":"http:\/\/www.venne.nl\/de\/home\/production\/"},"modified":"2016-09-29T08:56:44","modified_gmt":"2016-09-29T07:56:44","slug":"produktion","status":"publish","type":"page","link":"https:\/\/www.venne.nl\/de\/home\/produktion\/","title":{"rendered":"Produktion"},"content":{"rendered":"<p>Wir \u00fcbernehmen gerne f\u00fcr Sie die gesamte Produktion, den Vorrat und die Logistik, auch f\u00fcr Produkte, die nicht von uns (mit-) entwickelt wurden. F\u00fcr uns geh\u00f6rt dazu auch eine gute professionelle Betreuung, Flexibilit\u00e4t bei der Lieferzeit\/den Mengen und ein fachkundiger Ansprechpartner f\u00fcr Ihre Fragen.<\/p>\n<p>Unsere Produktion ist sowohl bei der Leiterplattenbest\u00fcckung als auch hinsichtlich der Montage des Endprodukts auf &#8220;High Mix&#8221; und &#8220;Low to Medium Volume&#8221; abgestimmt. Dabei verf\u00fcgen wir \u00fcber moderne Einrichtungen wie Pick and Place-Systeme, AOI (automatische optische Inspektion), ein In-Circuit-Testsystem, Coating Machines (Beschichtungssysteme) \u2026<\/p>\n","protected":false},"excerpt":{"rendered":"<p>Wir \u00fcbernehmen gerne f\u00fcr Sie die gesamte Produktion, den Vorrat und die Logistik, auch f\u00fcr Produkte, die nicht von uns (mit-) entwickelt wurden. F\u00fcr uns geh\u00f6rt dazu auch eine gute professionelle Betreuung, Flexibilit\u00e4t bei der Lieferzeit\/den Mengen und ein fachkundiger &hellip; <a href=\"https:\/\/www.venne.nl\/de\/home\/produktion\/\">Weiterlesen<\/a><\/p>\n","protected":false},"author":1,"featured_media":0,"parent":515,"menu_order":15,"comment_status":"open","ping_status":"open","template":"","meta":{"footnotes":""},"acf":[],"_links":{"self":[{"href":"https:\/\/www.venne.nl\/de\/wp-json\/wp\/v2\/pages\/584"}],"collection":[{"href":"https:\/\/www.venne.nl\/de\/wp-json\/wp\/v2\/pages"}],"about":[{"href":"https:\/\/www.venne.nl\/de\/wp-json\/wp\/v2\/types\/page"}],"author":[{"embeddable":true,"href":"https:\/\/www.venne.nl\/de\/wp-json\/wp\/v2\/users\/1"}],"replies":[{"embeddable":true,"href":"https:\/\/www.venne.nl\/de\/wp-json\/wp\/v2\/comments?post=584"}],"version-history":[{"count":1,"href":"https:\/\/www.venne.nl\/de\/wp-json\/wp\/v2\/pages\/584\/revisions"}],"predecessor-version":[{"id":587,"href":"https:\/\/www.venne.nl\/de\/wp-json\/wp\/v2\/pages\/584\/revisions\/587"}],"up":[{"embeddable":true,"href":"https:\/\/www.venne.nl\/de\/wp-json\/wp\/v2\/pages\/515"}],"wp:attachment":[{"href":"https:\/\/www.venne.nl\/de\/wp-json\/wp\/v2\/media?parent=584"}],"curies":[{"name":"wp","href":"https:\/\/api.w.org\/{rel}","templated":true}]}}