{"id":560,"date":"2013-03-13T13:58:29","date_gmt":"2013-03-13T12:58:29","guid":{"rendered":"http:\/\/www.venne.nl\/de\/home\/prototypentwicklung\/evaluation\/"},"modified":"2016-09-29T08:45:41","modified_gmt":"2016-09-29T07:45:41","slug":"auswertung","status":"publish","type":"page","link":"https:\/\/www.venne.nl\/de\/home\/prototypentwicklung\/auswertung\/","title":{"rendered":"Auswertung"},"content":{"rendered":"<p>Die Pr\u00fcfung der Prototypen erfolgt kritisch und sorgf\u00e4ltig. Dabei konzentrieren wir uns auf Aspekte wie Ausfall, Technik, Nachhaltigkeit und Produktionsm\u00f6glichkeiten. Unsere Prozesse sind entsprechend ausgerichtet; unser Designer sieht selbst, wie Ihr Produkt zusammengebaut wird. Auf diese Weise \u00fcberpr\u00fcfen wir, ob der Prototyp fehlerfrei (demn\u00e4chst) in Produktion geht und gem\u00e4\u00df den Spezifikationen gefertigt wurde. Abschlie\u00dfend findet ein gemeinsamer Abnahmetest f\u00fcr den Prototyp statt.<\/p>\n<p>Bei Bedarf durchlaufen wir noch einmal die Entwicklungsphase und passen die Spezifikationen an. Im Rahmen dieser Auswertung k\u00f6nnen wir auch das CE\/UL\/CSA-Verfahren regeln.<\/p>\n","protected":false},"excerpt":{"rendered":"<p>Die Pr\u00fcfung der Prototypen erfolgt kritisch und sorgf\u00e4ltig. Dabei konzentrieren wir uns auf Aspekte wie Ausfall, Technik, Nachhaltigkeit und Produktionsm\u00f6glichkeiten. Unsere Prozesse sind entsprechend ausgerichtet; unser Designer sieht selbst, wie Ihr Produkt zusammengebaut wird. Auf diese Weise \u00fcberpr\u00fcfen wir, ob &hellip; <a href=\"https:\/\/www.venne.nl\/de\/home\/prototypentwicklung\/auswertung\/\">Weiterlesen<\/a><\/p>\n","protected":false},"author":1,"featured_media":0,"parent":553,"menu_order":0,"comment_status":"open","ping_status":"open","template":"","meta":{"footnotes":""},"acf":[],"_links":{"self":[{"href":"https:\/\/www.venne.nl\/de\/wp-json\/wp\/v2\/pages\/560"}],"collection":[{"href":"https:\/\/www.venne.nl\/de\/wp-json\/wp\/v2\/pages"}],"about":[{"href":"https:\/\/www.venne.nl\/de\/wp-json\/wp\/v2\/types\/page"}],"author":[{"embeddable":true,"href":"https:\/\/www.venne.nl\/de\/wp-json\/wp\/v2\/users\/1"}],"replies":[{"embeddable":true,"href":"https:\/\/www.venne.nl\/de\/wp-json\/wp\/v2\/comments?post=560"}],"version-history":[{"count":1,"href":"https:\/\/www.venne.nl\/de\/wp-json\/wp\/v2\/pages\/560\/revisions"}],"predecessor-version":[{"id":563,"href":"https:\/\/www.venne.nl\/de\/wp-json\/wp\/v2\/pages\/560\/revisions\/563"}],"up":[{"embeddable":true,"href":"https:\/\/www.venne.nl\/de\/wp-json\/wp\/v2\/pages\/553"}],"wp:attachment":[{"href":"https:\/\/www.venne.nl\/de\/wp-json\/wp\/v2\/media?parent=560"}],"curies":[{"name":"wp","href":"https:\/\/api.w.org\/{rel}","templated":true}]}}