{"id":553,"date":"2013-03-12T12:32:21","date_gmt":"2013-03-12T11:32:21","guid":{"rendered":"http:\/\/www.venne.nl\/de\/home\/prototyping\/"},"modified":"2016-09-29T08:42:58","modified_gmt":"2016-09-29T07:42:58","slug":"prototypentwicklung","status":"publish","type":"page","link":"https:\/\/www.venne.nl\/de\/home\/prototypentwicklung\/","title":{"rendered":"Prototypentwicklung"},"content":{"rendered":"<p>Wir verwenden die Prototypen nicht nur zur technischen Beurteilung, sondern auch zur Auswertung der Produktion. Daher orientieren wir uns bereits beim Zusammenbau der Prototypen schwerpunktm\u00e4\u00dfig an einer Serienproduktion. Dies ist ein sorgf\u00e4ltiger Prozess. Durch den umfassenden Ansatz in unserem Unternehmen realisieren wir in sehr kurzer Zeit gepr\u00fcfte und verifizierte Prototypen.<\/p>\n","protected":false},"excerpt":{"rendered":"<p>Wir verwenden die Prototypen nicht nur zur technischen Beurteilung, sondern auch zur Auswertung der Produktion. Daher orientieren wir uns bereits beim Zusammenbau der Prototypen schwerpunktm\u00e4\u00dfig an einer Serienproduktion. Dies ist ein sorgf\u00e4ltiger Prozess. Durch den umfassenden Ansatz in unserem Unternehmen &hellip; <a href=\"https:\/\/www.venne.nl\/de\/home\/prototypentwicklung\/\">Weiterlesen<\/a><\/p>\n","protected":false},"author":1,"featured_media":0,"parent":515,"menu_order":10,"comment_status":"open","ping_status":"open","template":"","meta":{"footnotes":""},"acf":[],"_links":{"self":[{"href":"https:\/\/www.venne.nl\/de\/wp-json\/wp\/v2\/pages\/553"}],"collection":[{"href":"https:\/\/www.venne.nl\/de\/wp-json\/wp\/v2\/pages"}],"about":[{"href":"https:\/\/www.venne.nl\/de\/wp-json\/wp\/v2\/types\/page"}],"author":[{"embeddable":true,"href":"https:\/\/www.venne.nl\/de\/wp-json\/wp\/v2\/users\/1"}],"replies":[{"embeddable":true,"href":"https:\/\/www.venne.nl\/de\/wp-json\/wp\/v2\/comments?post=553"}],"version-history":[{"count":1,"href":"https:\/\/www.venne.nl\/de\/wp-json\/wp\/v2\/pages\/553\/revisions"}],"predecessor-version":[{"id":556,"href":"https:\/\/www.venne.nl\/de\/wp-json\/wp\/v2\/pages\/553\/revisions\/556"}],"up":[{"embeddable":true,"href":"https:\/\/www.venne.nl\/de\/wp-json\/wp\/v2\/pages\/515"}],"wp:attachment":[{"href":"https:\/\/www.venne.nl\/de\/wp-json\/wp\/v2\/media?parent=553"}],"curies":[{"name":"wp","href":"https:\/\/api.w.org\/{rel}","templated":true}]}}