{"id":524,"date":"2013-03-12T12:32:01","date_gmt":"2013-03-12T11:32:01","guid":{"rendered":"http:\/\/www.venne.nl\/de\/home\/development\/"},"modified":"2016-09-29T08:43:30","modified_gmt":"2016-09-29T07:43:30","slug":"entwicklung","status":"publish","type":"page","link":"https:\/\/www.venne.nl\/de\/home\/entwicklung\/","title":{"rendered":"Entwicklung"},"content":{"rendered":"<p>Wir stehen Ihnen bei Ihren Projekten gerne zu Diensten, von der Idee bis zu hochwertigen elektronischen Produkten der n\u00e4chsten Generation. Wir bieten eine zuverl\u00e4ssige Basis bei der Umsetzung Ihrer innovativen Ideen in realisierbare L\u00f6sungen, und zwar f\u00fcr Hardware, Software und Mechanik. Wir stimmen diese bis zur Perfektion aufeinander ab. Kostenbewusst und mit gediegener Sachkenntnis gehen wir Projekte effizient an und realisieren auch serienm\u00e4\u00dfige Produktionsprozesse. Unser Know-how und unsere Erfahrung sind von unsch\u00e4tzbarem Wert f\u00fcr Ihr Produkt und daf\u00fcr, wie es sich auf dem Markt bew\u00e4hrt. Die perfekt passende L\u00f6sung, eine Herausforderung, die wir engagiert aufgreifen.<\/p>\n","protected":false},"excerpt":{"rendered":"<p>Wir stehen Ihnen bei Ihren Projekten gerne zu Diensten, von der Idee bis zu hochwertigen elektronischen Produkten der n\u00e4chsten Generation. Wir bieten eine zuverl\u00e4ssige Basis bei der Umsetzung Ihrer innovativen Ideen in realisierbare L\u00f6sungen, und zwar f\u00fcr Hardware, Software und &hellip; <a href=\"https:\/\/www.venne.nl\/de\/home\/entwicklung\/\">Weiterlesen<\/a><\/p>\n","protected":false},"author":1,"featured_media":0,"parent":515,"menu_order":5,"comment_status":"open","ping_status":"closed","template":"","meta":{"footnotes":""},"acf":[],"_links":{"self":[{"href":"https:\/\/www.venne.nl\/de\/wp-json\/wp\/v2\/pages\/524"}],"collection":[{"href":"https:\/\/www.venne.nl\/de\/wp-json\/wp\/v2\/pages"}],"about":[{"href":"https:\/\/www.venne.nl\/de\/wp-json\/wp\/v2\/types\/page"}],"author":[{"embeddable":true,"href":"https:\/\/www.venne.nl\/de\/wp-json\/wp\/v2\/users\/1"}],"replies":[{"embeddable":true,"href":"https:\/\/www.venne.nl\/de\/wp-json\/wp\/v2\/comments?post=524"}],"version-history":[{"count":2,"href":"https:\/\/www.venne.nl\/de\/wp-json\/wp\/v2\/pages\/524\/revisions"}],"predecessor-version":[{"id":527,"href":"https:\/\/www.venne.nl\/de\/wp-json\/wp\/v2\/pages\/524\/revisions\/527"}],"up":[{"embeddable":true,"href":"https:\/\/www.venne.nl\/de\/wp-json\/wp\/v2\/pages\/515"}],"wp:attachment":[{"href":"https:\/\/www.venne.nl\/de\/wp-json\/wp\/v2\/media?parent=524"}],"curies":[{"name":"wp","href":"https:\/\/api.w.org\/{rel}","templated":true}]}}