{"id":515,"date":"2013-03-12T10:41:50","date_gmt":"2013-03-12T09:41:50","guid":{"rendered":"http:\/\/www.venne.nl\/de\/home\/"},"modified":"2018-10-09T09:44:57","modified_gmt":"2018-10-09T08:44:57","slug":"home","status":"publish","type":"page","link":"https:\/\/www.venne.nl\/de\/","title":{"rendered":"Home"},"content":{"rendered":"<p><!--:nl-->Unser bereits seit 35 Jahren bestehendes Unternehmen entwickelt und produziert hochwertige elektronische Produkte. Wir setzen auf eine enge Partnerschaft mit unseren Auftraggebern, Partnern, Fachleuten und Lieferanten und erreichen so eine betr\u00e4chtliche Verk\u00fcrzung der Zeitspanne bis zur Marktreife Ihres Produkts.<\/p>\n<p>Dank unserer Erfahrung und Kontakte mit Marktf\u00fchrern in verschiedenen Marktsegmenten weltweit haben wir einen guten \u00dcberblick dar\u00fcber, welche M\u00f6glichkeiten in Ihrer jeweiligen Situation erfolgversprechend sind:<\/p>\n<ul>\n<li>Automobilindustrie<\/li>\n<li>Biotechnologie<\/li>\n<li>Nahrungsmittel- &amp; Agrarsektor<\/li>\n<li>Petrochemie<\/li>\n<li>Schifffahrt<\/li>\n<li>Informations- &amp; Kommunikationstechnik\/Datenzentren<\/li>\n<li>Freizeitbereich<\/li>\n<li>Medizinischer Bereich<\/li>\n<\/ul>\n<p><!--:--><!--:en-->Lorem ipsum dolor sit amet, consectetur adipiscing elit. Vestibulum consequat, orci ac laoreet cursus, dolor sem luctus lorem, eget consequat magna felis a magna. Aliquam scelerisque condimentum ante, eget facilisis tortor lobortis in. In interdum venenatis justo eget consequat. Morbi commodo rhoncus mi nec pharetra. Aliquam erat volutpat. Mauris non lorem eu dolor hendrerit dapibus. Mauris mollis nisl quis sapien posuere consectetur. Nullam in sapien at nisi ornare bibendum at ut lectus. Pellentesque ut magna mauris. Nam viverra suscipit ligula, sed accumsan enim placerat nec. Cras vitae metus vel dolor ultrices sagittis. Duis venenatis augue sed risus laoreet congue ac ac leo. Donec fermentum accumsan libero sit amet iaculis. Duis tristique dictum enim, ac fringilla risus bibendum in. Nunc ornare, quam sit amet ultricies gravida, tortor mi malesuada urna, quis commodo dui nibh in lacus. Nunc vel tortor mi. Pellentesque vel urna a arcu adipiscing imperdiet vitae sit amet neque. Integer eu lectus et nunc dictum sagittis. Curabitur commodo vulputate fringilla. Sed eleifend, arcu convallis adipiscing congue, dui turpis commodo magna, et vehicula sapien turpis sit amet nisi.<!--:--><\/p>\n","protected":false},"excerpt":{"rendered":"<p>Unser bereits seit 35 Jahren bestehendes Unternehmen entwickelt und produziert hochwertige elektronische Produkte. Wir setzen auf eine enge Partnerschaft mit unseren Auftraggebern, Partnern, Fachleuten und Lieferanten und erreichen so eine betr\u00e4chtliche Verk\u00fcrzung der Zeitspanne bis zur Marktreife Ihres Produkts. Dank &hellip; <a href=\"https:\/\/www.venne.nl\/de\/\">Weiterlesen<\/a><\/p>\n","protected":false},"author":1,"featured_media":0,"parent":0,"menu_order":-1,"comment_status":"open","ping_status":"open","template":"page-home.php","meta":{"footnotes":""},"acf":[],"_links":{"self":[{"href":"https:\/\/www.venne.nl\/de\/wp-json\/wp\/v2\/pages\/515"}],"collection":[{"href":"https:\/\/www.venne.nl\/de\/wp-json\/wp\/v2\/pages"}],"about":[{"href":"https:\/\/www.venne.nl\/de\/wp-json\/wp\/v2\/types\/page"}],"author":[{"embeddable":true,"href":"https:\/\/www.venne.nl\/de\/wp-json\/wp\/v2\/users\/1"}],"replies":[{"embeddable":true,"href":"https:\/\/www.venne.nl\/de\/wp-json\/wp\/v2\/comments?post=515"}],"version-history":[{"count":2,"href":"https:\/\/www.venne.nl\/de\/wp-json\/wp\/v2\/pages\/515\/revisions"}],"predecessor-version":[{"id":518,"href":"https:\/\/www.venne.nl\/de\/wp-json\/wp\/v2\/pages\/515\/revisions\/518"}],"wp:attachment":[{"href":"https:\/\/www.venne.nl\/de\/wp-json\/wp\/v2\/media?parent=515"}],"curies":[{"name":"wp","href":"https:\/\/api.w.org\/{rel}","templated":true}]}}